{"id":459,"date":"2021-01-28T09:12:30","date_gmt":"2021-01-28T08:12:30","guid":{"rendered":"https:\/\/mark-zellweger.com\/?page_id=459"},"modified":"2021-02-03T14:35:08","modified_gmt":"2021-02-03T13:35:08","slug":"le-reseau-ambassador-serie","status":"publish","type":"page","link":"https:\/\/mark-zellweger.com\/index.php\/le-reseau-ambassador-serie\/","title":{"rendered":"Le R\u00e9seau Ambassador, S\u00e9rie."},"content":{"rendered":"<p><section class=\"kc-elm kc-css-684615 kc_row\"><div class=\"kc-row-container  kc-container\"><div class=\"kc-wrap-columns\"><div class=\"kc-elm kc-css-125042 kc_col-sm-2 kc_column kc_col-sm-2\"><div class=\"kc-col-container\"><div class=\"kc-elm kc-css-374240 kc_shortcode kc_single_image\">\n\n        <img decoding=\"async\" src=\"https:\/\/i0.wp.com\/mark-zellweger.com\/wp-content\/uploads\/2021\/01\/1Couv-cyberGames-poche_200811.jpg?fit=647%2C1063&ssl=1\" class=\"\" alt=\"\" \/>    <\/div>\n<\/div><\/div><div class=\"kc-elm kc-css-320185 kc_col-sm-10 kc_column kc_col-sm-10\"><div class=\"kc-col-container\"><div class=\"kc-elm kc-css-893781 kc_text_block\"><\/p>\n<p>Le dernier opus de la s\u00e9rie Sword dans le pur style du techno-thriller mis \u00e0 l\u2019honneur par Tom Clancy<\/p>\n<p>La ville d&#039;Oxford se retrouve sans \u00e9lectricit\u00e9 pendant plusieurs heures. Cette panne va causer de nombreuse victimes&#8230;<br \/>Le mari de l&#039;une d&#039;elle, informaticien du MI6 va se lancer dans une qu\u00eate pour la v\u00e9rit\u00e9 : il ne croit pas \u00e0 un simple accident technique.<br \/>Il est tr\u00e8s loin de se douter o\u00f9 il met les pieds.<\/p>\n<p>The latest opus in the Sword series in the pure style of the techno-thriller, honoured by Tom Clancy.<\/p>\n<p>Un train de marchandises explosives et toxiques d\u00e9raille dans une ville au Canada, un avion de chasse russe SU-57 se crashe lors d&#039;un meeting, puis quelque temps apr\u00e8s, c&#039;est le tour d&#039;un F-35B am\u00e9ricain.<\/p>\n<p>Les gouvernements respectifs accusent les pays adverses d&#039;avoir engendr\u00e9 toutes ces catastrophes. Une guerre cybern\u00e9tique semble s&#039;enclencher entre les grandes puissances. Mais qui sont les vrais coupables ?<\/p>\n<p>Seul contre tous, il fera actionner tous ses anciens r\u00e9seaux pour s&#039;en sortir et faire \u00e9clater la v\u00e9rit\u00e9.<\/p>\n<p><strong>T6 de la S\u00e9rie.<\/strong><\/p>\n<p><strong>Sortie en Grand Format 2019 Europe et 2020 Qu\u00e9bec<\/strong><\/p>\n<p><strong>Sortie en poche 2021 Europe et Qu\u00e9bec<\/strong><\/p>\n<p>The latest opus in the Sword series in the pure style of the techno-thriller, honoured by Tom Clancy.<\/p>\n<p>The city of Oxford is without electricity for several hours. The blackout will cause many casualties&#8230;<\/p>\n<p>The husband of one of them, an MI6 computer scientist, is going to embark on a quest for the truth: he doesn&#039;t believe in a simple technical accident.<\/p>\n<p>He is far from suspecting where he is going.<\/p>\n<p><strong>T6 of the Series.<\/strong><\/p>\n<p><strong>Large Format Released 2019 Europe and 2020 Quebec<\/strong><\/p>\n<p><strong>Pocket Release in 2021 Europe and Quebec<\/strong><\/p>\n<p>\n<\/div>\n<div class=\"kc-elm kc-css-419021 divider_line\">\n\t<div class=\"divider_inner divider_line1\">\n\t\t\t<\/div>\n<\/div>\n<\/div><\/div><\/div><\/div><\/section><section class=\"kc-elm kc-css-787067 kc_row\"><div class=\"kc-row-container  kc-container\"><div class=\"kc-wrap-columns\"><div class=\"kc-elm kc-css-548991 kc_col-sm-2 kc_column kc_col-sm-2\"><div class=\"kc-col-container\"><div class=\"kc-elm kc-css-434155 kc_shortcode kc_single_image\">\n\n        <img decoding=\"async\" src=\"https:\/\/i0.wp.com\/mark-zellweger.com\/wp-content\/uploads\/2021\/01\/1Couv-PourtoutOrSrinagar-poche_200218.jpg?fit=260%2C406&ssl=1\" class=\"\" alt=\"\" \/>    <\/div>\n<\/div><\/div><div class=\"kc-elm kc-css-947461 kc_col-sm-10 kc_column kc_col-sm-10\"><div class=\"kc-col-container\"><div class=\"kc-elm kc-css-766662 kc_text_block\"><\/p>\n<p style=\"text-align: left;\">Depuis l\u2019arriv\u00e9e du nouveau pr\u00e9sident des Etats-Unis : le monde est en pleine \u00e9bullition ! Jamais depuis la seconde Guerre mondiale, il n\u2019y a eu autant de tensions g\u00e9opolitiques.<\/p>\n<p>Au Cachemire, la guerre larv\u00e9e entre l\u2019Inde, le Pakistan et maintenant la Chine s\u2019intensifie !<\/p>\n<p>Le monde Sunnite, suivant l\u2019Arabie Saoudite et le nouveau locataire de la Maison blanche s\u2019oppose aux Chiites men\u00e9s par l\u2019Iran. La Chine s\u2019affirme comme puissance mondiale et veut s\u2019imposer face aux USA et la Russie en fait autant ! Les guerres r\u00e9gionales \u00e9clatent \u00e7a et l\u00e0 et les risques d\u2019une guerre mondiale s\u2019accroissent dangereusement.<\/p>\n<p>Ces situations p\u00e9rilleuses trouvent-elles leurs sources uniquement dans des rivalit\u00e9s de puissances et dans les \u00e9gos surdimensionn\u00e9s de certains chefs d\u2019Etat ? Et si les apparences \u00e9taient trompeuses ? Et si une conspiration de l\u2019ombre tirait les ficelles \u00e0 son seul profit ? Le Sword appel\u00e9 \u00e0 la Rescousse par l\u2019ONU va-t-il d\u00e9m\u00ealer le vrai du faux, et \u00e9viter la 3\u00e8me guerre mondiale ? Le Sword et ses combattants, les Faucons, vont-ils d\u00e9busquer les manipulateurs en chefs ?<\/p>\n<p>Qui sont les vrais responsables ?<\/p>\n<p><strong>T5 de la S\u00e9rie.<\/strong><\/p>\n<p><strong>Sortie en Grand Format 2018 Europe et Qu\u00e9bec<\/strong><\/p>\n<p><strong>Sortie en Poche juillet 2020 en Europe et juin 2021 au Qu\u00e9bec.<\/strong><\/p>\n<p>The city of Oxford is without electricity for several hours. This blackout will cause many casualties&#8230;<br \/>The husband of one of them, a computer scientist of MI6, is going to launch into Since the arrival of the new president of the United States: the world is in full boiling!<\/p>\n<p>Never since the Second World War, there have been so many geopolitical tensions. In Kashmir, the latent war between India, Pakistan and now China is intensifying! The Sunni world, following Saudi Arabia and the new tenant of the White House, opposes the Shiites led by Iran.<\/p>\n<p>China is asserting itself as a world power and wants to impose itself against the USA and Russia is doing the same! Regional wars break out here and there and the risks of a world war are increasing dangerously. Do these perilous situations find their sources only in power rivalries and in the oversized egos of certain heads of state? What if appearances are deceiving? What if a shadowy conspiracy is pulling the strings for its own benefit? Will the Sword called to the rescue by the UN untangle the true from the false, and avoid World War III? Will Sword and its fighters, the Falcons, flush out the chief manipulators?<\/p>\n<p>Who are the real culprits?<\/p>\n<p><strong>T5 of the Series.<\/strong><\/p>\n<p><strong>Released in 2018 Large Format Europe and Quebec<\/strong><\/p>\n<p><strong>Pocket release July 2020 in Europe and June 2021 in Quebec.<\/strong><\/p>\n<p>\n<\/div>\n<div class=\"kc-elm kc-css-287120 divider_line\">\n\t<div class=\"divider_inner divider_line1\">\n\t\t\t<\/div>\n<\/div>\n<\/div><\/div><\/div><\/div><\/section><section class=\"kc-elm kc-css-785279 kc_row\"><div class=\"kc-row-container  kc-container\"><div class=\"kc-wrap-columns\"><div class=\"kc-elm kc-css-215358 kc_col-sm-2 kc_column kc_col-sm-2\"><div class=\"kc-col-container\"><div class=\"kc-elm kc-css-271222 kc_shortcode kc_single_image\">\n\n        <img decoding=\"async\" src=\"https:\/\/i0.wp.com\/mark-zellweger.com\/wp-content\/uploads\/2021\/02\/1Couv-XtremePrejudice-MZ-hd.jpg?fit=1711%2C2480&ssl=1\" class=\"\" alt=\"\" \/>    <\/div>\n<\/div><\/div><div class=\"kc-elm kc-css-813285 kc_col-sm-10 kc_column kc_col-sm-10\"><div class=\"kc-col-container\"><div class=\"kc-elm kc-css-167054 kc_text_block\"><\/p>\n<p>Mark Zellweger m\u00e8ne son lecteur au coeur d\u2019une intrigue o\u00f9 les enjeux g\u00e9opolitiques internationaux sont \u00e9lev\u00e9s.<br \/>Sa connaissance parfaite du domaine et son exp\u00e9rience aupr\u00e8s de services de renseignements prestigieux<br \/>rendent le r\u00e9cit d\u2019une troublante v\u00e9racit\u00e9. Ce thriller palpitant s\u2019inscrit dans la pure tradition du genre.<\/p>\n<p>Synopsis<br \/>On retrouve la BMW du pr\u00e9sident du CIO toutes portes ouvertes au bord du lac \u00e0 Lausanne. O\u00f9 est pass\u00e9 le<br \/>pr\u00e9sident ?<br \/>Pendant ce temps le professeur Ayer grand ponte de virologie et d\u2019\u00e9pid\u00e9miologie \u00e0 l\u2019OMS n\u2019a plus donn\u00e9 de<br \/>signes de vie alors qu\u2019il \u00e9tait en Afrique de l\u2019Ouest afin de comprendre l\u2019\u00e9pid\u00e9mie d\u2019Ebola qui l\u2019intriguait au plus<br \/>pr\u00e8s.<br \/>La situation internationale se tend consid\u00e9rablement avec des tentatives de lancement de missiles de moyenne<br \/>port\u00e9e et des essais nucl\u00e9aires par la Cor\u00e9e du nord.<br \/>Mark Walpen est alert\u00e9 par son p\u00e8re : lui et les enfants de Mark, Zo\u00e9 et Elliott, ont \u00e9t\u00e9 victimes d\u2019un acte terroriste<br \/>barbare et innommable. Mark vit un nouveau drame dans sa vie !<br \/>Un rapport confidentiel am\u00e9ricain d\u00e9nonce l\u2019Arabie Saoudite comme commanditaire des attentats du 11<br \/>septembre. Quel rapport avec nos protagonistes ?<br \/>Une fois de plus les strat\u00e8ges du Sword vont devoir d\u00e9nouer les intrigues et trier le vrai du faux. Les Faucons<br \/>partiront en qu\u00eate des diff\u00e9rents responsables. La sanction risque d\u2019\u00eatre terrible.<br \/>Un suspens incroyable par le nouveau ma\u00eetre du roman d\u2019espionnage !<\/p>\n<p><strong>T4 de la S\u00e9rie<\/strong><\/p>\n<p><strong>Sortie en Grand Format 2018 en Europe et 2019 au Qu\u00e9bec<\/strong><\/p>\n<p><strong>Sortie en poche 2019 Europe et Qu\u00e9bec.<\/strong><\/p>\n<p>Mark Zellweger leads his reader into the heart of an intrigue where the international geopolitical stakes are high.<br \/>His perfect knowledge of the field and his experience with prestigious intelligence services<br \/>make the story disturbingly true. This thrilling thriller is in the pure tradition of the genre.<\/p>\n<p>Synopsis<br \/>The IOC President&#039;s BMW can be found at the lakeside in Lausanne. What happened to the<br \/>president?<br \/>Meanwhile, Professor Ayer, a leading virologist and epidemiologist at the WHO, has given no more<br \/>signs of life while he was in West Africa in order to understand the Ebola epidemic that intrigued him the most.<br \/>close.<br \/>The international situation is becoming considerably more tense with attempts to launch missiles of average size and range.<br \/>North Korea&#039;s nuclear range and tests.<br \/>Mark Walpen is alerted by his father that he and Mark&#039;s children, Zoe and Elliott, have been victims of a terrorist act.<br \/>barbaric and unspeakable. Mark is living a new drama in his life!<br \/>A confidential American report denounces Saudi Arabia as a sponsor of the 11th anniversary of the terrorist attacks of 11 September.<br \/>September. What does this have to do with our protagonists?<\/p>\n<p><strong>T4 Series<\/strong><\/p>\n<p><strong>Released in Large Format in 2018 in Europe and 2019 in Quebec<\/strong><\/p>\n<p><strong>Released in pocket 2019 Europe and Quebec.<\/strong><\/p>\n<\/p>\n<p>\n<\/div>\n<div class=\"kc-elm kc-css-364458 divider_line\">\n\t<div class=\"divider_inner divider_line1\">\n\t\t\t<\/div>\n<\/div>\n<\/div><\/div><\/div><\/div><\/section><section class=\"kc-elm kc-css-942567 kc_row\"><div class=\"kc-row-container  kc-container\"><div class=\"kc-wrap-columns\"><div class=\"kc-elm kc-css-321113 kc_col-sm-2 kc_column kc_col-sm-2\"><div class=\"kc-col-container\"><div class=\"kc-elm kc-css-808709 kc_shortcode kc_single_image\">\n\n        <img decoding=\"async\" src=\"https:\/\/i0.wp.com\/mark-zellweger.com\/wp-content\/uploads\/2017\/08\/1Couv-DoubleJeu-HD.jpg?fit=1713%2C2480&ssl=1\" class=\"\" alt=\"\" \/>    <\/div>\n<\/div><\/div><div class=\"kc-elm kc-css-738456 kc_col-sm-10 kc_column kc_col-sm-10\"><div class=\"kc-col-container\"><div class=\"kc-elm kc-css-238949 kc_text_block\"><\/p>\n<p>L\u2019Afrique est agit\u00e9e de toutes parts par des mouvements rebelles sur-arm\u00e9s. En R\u00e9publique d\u00e9mocratique du Congo des populations sont victimes de malformations cr\u00e2niennes et neurologiques dont l\u2019origine est inconnue. Le g\u00e9n\u00e9ral Avram Leibowitz, p\u00e8re du Faucon Rebecca, a disparu. Une fois de plus, le Sword, seul service de renseignements ind\u00e9pendant et neutre au monde, est sur tous les fronts. Car le Secr\u00e9taire g\u00e9n\u00e9ral de l\u2019ONU lui demande \u00e9galement un coup de main pour r\u00e9soudre des crises en Syrie et en Ukraine. Double Jeu est le troisi\u00e8me opus de la s\u00e9rie R\u00e9seau Ambassador inaugur\u00e9e par L\u2019envol des Faucons, suivi par Panique au Vatican, parus en septembre 2014 et mars 2015. Ils ont tous deux re\u00e7u un accueil chaleureux des critiques et des lecteurs. Chaque volume se lit parfaitement ind\u00e9pendamment des autres.<\/p>\n<p><strong>T3 de la S\u00e9rie.<\/strong><\/p>\n<p><strong>Sortie en\u00a0 Grand Format 2016 en Europe et 2017 au Qu\u00e9bec<\/strong><\/p>\n<p><strong>Sortie en poche 2017 en Europe et 2018 au Qu\u00e9bec.<\/strong><\/p>\n<p>Africa is agitated on all sides by over-armed rebel movements. In the Democratic Republic of Congo, people are victims of cranial and neurological malformations of unknown origin. General Avram Leibowitz, father of the Rebecca Falcon, has disappeared. Once again, the Sword, the world&#039;s only independent and neutral intelligence service, is on all fronts. For the UN Secretary General is also asking it for help in resolving crises in Syria and Ukraine. Double Jeu is the third opus in the Ambassador Network series inaugurated by L&#039;envol des Faucons, followed by Panique au Vatican, published in September 2014 and March 2015. They both received a warm welcome from critics and readers alike. Each volume reads perfectly independently of the others.<\/p>\n<p><strong>T3 of the Series.<\/strong><\/p>\n<p><strong>Released in Large Format 2016 in Europe and 2017 in Qu\u00e9bec<\/strong><\/p>\n<p><strong>Pocket released in 2017 in Europe and 2018 in Qu\u00e9bec.<\/strong><\/p>\n<\/p>\n<p>\n<\/div>\n<div class=\"kc-elm kc-css-264073 divider_line\">\n\t<div class=\"divider_inner divider_line1\">\n\t\t\t<\/div>\n<\/div>\n<\/div><\/div><\/div><\/div><\/section><section class=\"kc-elm kc-css-924900 kc_row\"><div class=\"kc-row-container  kc-container\"><div class=\"kc-wrap-columns\"><div class=\"kc-elm kc-css-588255 kc_col-sm-2 kc_column kc_col-sm-2\"><div class=\"kc-col-container\"><div class=\"kc-elm kc-css-652081 kc_shortcode kc_single_image\">\n\n        <img decoding=\"async\" src=\"https:\/\/i0.wp.com\/mark-zellweger.com\/wp-content\/uploads\/2017\/01\/1couv-Vatican-MZ-poche-hd.jpg?fit=1296%2C2008&ssl=1\" class=\"\" alt=\"\" \/>    <\/div>\n<\/div><\/div><div class=\"kc-elm kc-css-755778 kc_col-sm-10 kc_column kc_col-sm-10\"><div class=\"kc-col-container\"><div class=\"kc-elm kc-css-224820 kc_text_block\"><\/p>\n<p>Renforcement des Faucons, les combattants du service secret ind\u00e9pendant et neutre, le Sword. Ils s\u2019installent \u00e0 Zermatt dans un nouveau centre d\u2019entra\u00eenement.<br \/>Ralph Walpen directeur de la Task Force diplomatique suisse doit rencontrer une VIP australienne \u00e0 Berne qui vient lui demander secours pour sa fille.<br \/>Apr\u00e8s no\u00ebl, le nouveau pape r\u00e9formateur Anastase V d\u2019origine chinoise se lance dans une tourn\u00e9e dans le Pacifique et en Asie afin d\u2019expliquer sa nouvelle politique. Il tombe malade \u00e0 Hong Kong et il devient invisible, est-il vraiment malade ? A t-il disparu ? Est-il mort ? Le monde s\u2019inqui\u00e8te.<br \/>Pendant ce temps des attentats touchent la Chine dans les r\u00e9gions o\u00f9 r\u00e9sident de nombreux Tib\u00e9tains. Le pr\u00e9sident chinois d\u00e9signe son successeur qui est \u00e0 la surprise de tous un r\u00e9formateur et son avion est la cible d\u2019un missile au-dessus de l\u2019Everest. Est-il vivant ? Sont-ce vraiment les Tib\u00e9tains qui sont responsables de l\u2019attentat ? Les Faucons partent \u00e0 la recherche de l\u2019avion pr\u00e9sidentiel. Une course contre la montre avec les militaires chinois d\u2019engage.<br \/>Le Sword aura de quoi faire pour lib\u00e9rer la princesse et d\u00e9m\u00ealer l\u2019\u00e9cheveau chinois qui laissera encore quelques surprises, sans parler du fait qu\u2019il y aura de la casse chez les Faucons.<\/p>\n<p><strong>T2 de la S\u00e9rie<\/strong><\/p>\n<p><strong>Sortie en Grand Format en 2015 en Europe et 2016 au Qu\u00e9bec.<\/strong><\/p>\n<p><strong>Sortie en poche en 2016 en Europe et en 2017 au Qu\u00e9bec.<\/strong><\/p>\n<\/p>\n<p>Reinforcement of the Falcons, the fighters of the independent and neutral secret service, the Sword. They move to a new training centre in Zermatt.<\/p>\n<p>Ralph Walpen, director of the Swiss Diplomatic Task Force, has to meet an Australian VIP in Bern who comes to him for help with her daughter.<\/p>\n<p>After Christmas, the new reformist pope Anastasius V of Chinese origin embarks on a tour of the Pacific and Asia to explain his new policy. He falls ill in Hong Kong and becomes invisible, is he really ill? Has he disappeared? Did he die? The world worries.<\/p>\n<p>Meanwhile, attacks affect China in areas where many Tibetans live. The Chinese president appoints his successor who is, to everyone&#039;s surprise, a reformer, and his plane is the target of a missile over Everest. Is he alive? Are the Tibetans really responsible for the attack? The Falcons set off in search of the presidential plane. A race against time with the Chinese military engaged.<\/p>\n<p>The Sword will have enough to free the princess and untangle the Chinese tangle which will leave a few more surprises, not to mention the fact that there will be some breakage at the Falcons&#039; place.<\/p>\n<p><strong>T2 of the Series<\/strong><\/p>\n<p><strong>Released in Large Format in 2015 in Europe and 2016 in Qu\u00e9bec.<\/strong><\/p>\n<p><strong>Pocket released in 2016 in Europe and 2017 in Qu\u00e9bec.<\/strong><\/p>\n<p>\n<\/div>\n<div class=\"kc-elm kc-css-843335 divider_line\">\n\t<div class=\"divider_inner divider_line1\">\n\t\t\t<\/div>\n<\/div>\n<\/div><\/div><\/div><\/div><\/section><section class=\"kc-elm kc-css-42311 kc_row\"><div class=\"kc-row-container  kc-container\"><div class=\"kc-wrap-columns\"><div class=\"kc-elm kc-css-346353 kc_col-sm-2 kc_column kc_col-sm-2\"><div class=\"kc-col-container\"><div class=\"kc-elm kc-css-361327 kc_shortcode kc_single_image\">\n\n        <img decoding=\"async\" src=\"https:\/\/i0.wp.com\/mark-zellweger.com\/wp-content\/uploads\/2017\/02\/1ereCouv-EnvolFaucons.jpg?fit=1290%2C2008&ssl=1\" class=\"\" alt=\"\" \/>    <\/div>\n<\/div><\/div><div class=\"kc-elm kc-css-691060 kc_col-sm-10 kc_column kc_col-sm-10\"><div class=\"kc-col-container\"><div class=\"kc-elm kc-css-22377 kc_text_block\"><\/p>\n<p>Ma s\u00e9rie\u00a0R\u00e9seau Ambassador\u00a0commence avec L\u2019Envol des Faucons qui est sorti en 2014 en grand format puis en poche en 2016. Le point de d\u00e9part c\u2019est le fiasco d\u2019une op\u00e9ration militaire clandestine suisse pour lib\u00e9rer deux citoyens helv\u00e9tiques retenus par le colonel Foudaff en Libye. Ralph Walpen, directeur de la Task force diplomatique suisse demande de l\u2019aide \u00e0 son fils pour lib\u00e9rer les deux otages et les soldats survivants qui ont \u00e9t\u00e9 emprisonn\u00e9s. Son fils Mark Walpen est le patron d\u2019une entreprise de consulting marketing en Suisse et est professeur invit\u00e9 de strat\u00e9gie dans les \u00e9coles de guerre des Etats-Unis, de Grande-Bretagne, de France et d\u2019Isra\u00ebl. C\u2019est la raison pour laquelle son p\u00e8re lui demande un coup de main. Mark \u00e9labore un plan astucieux et recrute gr\u00e2ce \u00e0 ses relations des combattants issus des meilleures Forces sp\u00e9ciales occidentales. L\u2019op\u00e9ration est un succ\u00e8s. Mark cr\u00e9e alors une annexe \u00e0 son groupe de consulting marketing consacr\u00e9 exclusivement \u00e0 la veille et \u00e0 l\u2019analyse g\u00e9ostrat\u00e9gique qui s\u2019appelle le Sword qui est \u00e9paul\u00e9 par les soldats d\u2019\u00e9lite utilis\u00e9s en Libye et que l\u2019on nomme dor\u00e9navant les Faucons. A la suite de cette op\u00e9ration une vague d\u2019attentat islamiste touche l\u2019Europe. Deux couples franco-suisses sont enlev\u00e9s en \u00c9gypte et suite \u00e0 l\u2019enqu\u00eate les autorit\u00e9s europ\u00e9ennes montrent du doigt la Suisse qui se doit de r\u00e9agir. La ministre des Affaires \u00e9trang\u00e8res demande \u00e0 Mark Walpen et au Sword de d\u00e9m\u00ealer l\u2019affaire. C\u2019est ainsi que le lecteur va suivre nos Faucons de Lausanne \u00e0 Duba\u00ef en passant par Mascate et Montreux afin de d\u00e9busquer les commanditaires des attentats qui ne sont pas forc\u00e9ment ceux auxquels on pense le plus pendant la lecture. Mon service d\u2019espionnage ind\u00e9pendant et neutre sous la direction de Mark Walpen est pr\u00eat pour d\u2019autres aventures.<\/p>\n<p>My Ambassador Network series begins with L&#039;Envol des Faucons, which was released in 2014 in large format and then in pocket format in 2016. The starting point is the fiasco of a clandestine Swiss military operation to free two Swiss citizens held by Colonel Foudaff in Libya. Ralph Walpen, director of the Swiss Diplomatic Task Force, asks his son for help in freeing the two hostages and the surviving soldiers who were imprisoned. His son Mark Walpen is the boss of a marketing consulting firm in Switzerland and is a visiting professor of strategy at war schools in the USA, Great Britain, France and Israel. This is why his father asked him for help. Mark develops a clever plan and uses his connections to recruit fighters from the best Western Special Forces. The operation is a success. Mark then creates an annex to his marketing consulting group dedicated exclusively to intelligence and geostrategic analysis called the Sword, which is supported by the elite soldiers used in Libya and henceforth known as the Falcons. Following this operation, a wave of Islamist attacks hit Europe. Two Franco-Swiss couples were kidnapped in Egypt and following the investigation the European authorities pointed the finger at Switzerland, which had to react. The Minister of Foreign Affairs asks Mark Walpen and the Sword to solve the case. This is how the reader will follow our Falcons from Lausanne to Dubai via Muscat and Montreux in order to track down the instigators of the attacks, who are not necessarily the ones we think of most during the reading. My independent and neutral spy service under the direction of Mark Walpen is ready for further adventures.<\/p>\n<p>\n<\/div><\/div><\/div><\/div><\/div><\/section><\/p>\n","protected":false},"excerpt":{"rendered":"","protected":false},"author":1,"featured_media":0,"parent":0,"menu_order":0,"comment_status":"closed","ping_status":"closed","template":"","meta":{"jetpack_post_was_ever_published":false,"footnotes":""},"jetpack_sharing_enabled":true,"jetpack_shortlink":"https:\/\/wp.me\/P95ddV-7p","jetpack-related-posts":[],"_links":{"self":[{"href":"https:\/\/mark-zellweger.com\/index.php\/wp-json\/wp\/v2\/pages\/459"}],"collection":[{"href":"https:\/\/mark-zellweger.com\/index.php\/wp-json\/wp\/v2\/pages"}],"about":[{"href":"https:\/\/mark-zellweger.com\/index.php\/wp-json\/wp\/v2\/types\/page"}],"author":[{"embeddable":true,"href":"https:\/\/mark-zellweger.com\/index.php\/wp-json\/wp\/v2\/users\/1"}],"replies":[{"embeddable":true,"href":"https:\/\/mark-zellweger.com\/index.php\/wp-json\/wp\/v2\/comments?post=459"}],"version-history":[{"count":13,"href":"https:\/\/mark-zellweger.com\/index.php\/wp-json\/wp\/v2\/pages\/459\/revisions"}],"predecessor-version":[{"id":528,"href":"https:\/\/mark-zellweger.com\/index.php\/wp-json\/wp\/v2\/pages\/459\/revisions\/528"}],"wp:attachment":[{"href":"https:\/\/mark-zellweger.com\/index.php\/wp-json\/wp\/v2\/media?parent=459"}],"curies":[{"name":"wp","href":"https:\/\/api.w.org\/{rel}","templated":true}]}}