{"id":559,"date":"2024-05-26T15:01:10","date_gmt":"2024-05-26T13:01:10","guid":{"rendered":"https:\/\/mark-zellweger.com\/?page_id=559"},"modified":"2024-05-29T11:52:40","modified_gmt":"2024-05-29T09:52:40","slug":"a-paraitre","status":"publish","type":"page","link":"https:\/\/mark-zellweger.com\/index.php\/a-paraitre\/","title":{"rendered":"\u00c0 para\u00eetre"},"content":{"rendered":"<p><section class=\"kc-elm kc-css-40502 kc_row\"><div class=\"kc-row-container  kc-container\"><div class=\"kc-wrap-columns\"><div class=\"kc-elm kc-css-749825 kc_col-of-5 kc_column kc_col-of-5\"><div class=\"kc-col-container\"><div class=\"kc-elm kc-css-240191 kc_shortcode kc_single_image\">\n\n        <img decoding=\"async\" src=\"https:\/\/i0.wp.com\/mark-zellweger.com\/wp-content\/uploads\/2024\/05\/Face-Cover-markzellweger-PacteAllenDulles-poche.jpg?fit=1290%2C2002&ssl=1\" class=\"\" alt=\"\" \/>    <\/div>\n<\/div><\/div><div class=\"kc-elm kc-css-981151 kc_col-sm-5 kc_column kc_col-sm-5\"><div class=\"kc-col-container\"><div class=\"kc-elm kc-css-421498 kc_text_block\"><\/p>\n<p style=\"box-sizing: border-box; border: 0px; font-family: &#039;Helvetica Neue&#039;, Helvetica, Arial, sans-serif; margin-top: 0px; margin-right: 0px; margin-left: 0px; outline: 0px; padding: 0px; vertical-align: baseline; color: #373737;\"><strong style=\"box-sizing: border-box; border: 0px; font-family: inherit; font-style: inherit; margin: 0px; outline: 0px; padding: 0px; vertical-align: baseline;\">Sortie 20 juin 2024<\/strong><\/p>\n<p style=\"box-sizing: border-box; border: 0px; font-family: &#039;Helvetica Neue&#039;, Helvetica, Arial, sans-serif; margin-top: 0px; margin-right: 0px; margin-left: 0px; outline: 0px; padding: 0px; vertical-align: baseline; color: #373737;\"><strong style=\"box-sizing: border-box; border: 0px; font-family: inherit; font-style: inherit; margin: 0px; outline: 0px; padding: 0px; vertical-align: baseline;\">Le Pacte Allen Dulles Poche<\/strong><\/p>\n<p style=\"box-sizing: border-box; border: 0px; font-family: &#039;Helvetica Neue&#039;, Helvetica, Arial, sans-serif; margin: 0pt 0px 0pt 0in; outline: 0px; padding: 0px; vertical-align: baseline; color: #373737; text-align: justify; direction: ltr; unicode-bidi: embed; word-break: normal;\"><span style=\"box-sizing: border-box; border: 0px; font-family: Calibri; font-size: 13pt; font-style: inherit; font-weight: inherit; margin: 0px; outline: 0px; padding: 0px; vertical-align: baseline; color: black;\">Quand l&#039;arm\u00e9e allemande envahit la zone sud de la France le 11 novembre 1942, tout change pour nos Espionnes du Sal\u00e8ve. D\u00e9sormais, l&#039;ennemi encercle Gen\u00e8ve et le lac L\u00e9man et les points de passages deviennent de plus en plus difficiles \u00e0 franchir.<\/span><\/p>\n<p style=\"box-sizing: border-box; border: 0px; font-family: &#039;Helvetica Neue&#039;, Helvetica, Arial, sans-serif; margin: 0pt 0px 0pt 0in; outline: 0px; padding: 0px; vertical-align: baseline; color: #373737; text-align: justify; direction: ltr; unicode-bidi: embed; word-break: normal;\"><span style=\"box-sizing: border-box; border: 0px; font-family: Calibri; font-size: 13pt; font-style: inherit; font-weight: inherit; margin: 0px; outline: 0px; padding: 0px; vertical-align: baseline; color: black;\">Dans le m\u00eame temps, la Gestapo de Barbie, Moog et d&#039;autres s&#039;infiltrent au sein des r\u00e9seaux de r\u00e9sistance.<\/span><\/p>\n<p style=\"box-sizing: border-box; border: 0px; font-family: &#039;Helvetica Neue&#039;, Helvetica, Arial, sans-serif; margin: 0pt 0px 0pt 0in; outline: 0px; padding: 0px; vertical-align: baseline; color: #373737; text-align: justify; direction: ltr; unicode-bidi: embed; word-break: normal;\"><span style=\"box-sizing: border-box; border: 0px; font-family: Calibri; font-size: 13pt; font-style: inherit; font-weight: inherit; margin: 0px; outline: 0px; padding: 0px; vertical-align: baseline; color: black;\">La fin d&#039;ann\u00e9e 42 et le d\u00e9but 43 s&#039;annoncent mal pour la R\u00e9sistance et ce d&#039;autant plus que la rivalit\u00e9 entre R\u00e9sistance int\u00e9rieure et R\u00e9sistance Gaullienne n&#039;arrange pas les choses. Jean Moulin est arr\u00eat\u00e9 le 21 juin \u00e0 Caluire sur d\u00e9nonciation. Mais qui a trahi ? Nos Espionnes vont enfin mener l&#039;enqu\u00eate et nous dire la v\u00e9rit\u00e9 attendue depuis si longtemps.<\/span><\/p>\n<p>\n<\/div><div class=\"kc-elm kc-css-682569\" style=\"height: 55px; clear: both; width:100%;\"><\/div><\/div><\/div><div class=\"kc-elm kc-css-51278 kc_col-sm-5 kc_column kc_col-sm-5\"><div class=\"kc-col-container\"><div class=\"kc-elm kc-css-315050 kc_text_block\"><\/p>\n<p style=\"box-sizing: border-box; border: 0px; font-family: &#039;Helvetica Neue&#039;, Helvetica, Arial, sans-serif; margin-top: 0px; margin-right: 0px; margin-left: 0px; outline: 0px; padding: 0px; vertical-align: baseline; color: #373737;\"><em style=\"box-sizing: border-box; border: 0px; font-family: inherit; font-weight: inherit; margin: 0px; outline: 0px; padding: 0px; vertical-align: baseline;\"><b style=\"box-sizing: border-box;\">Released June 20, 2024<\/b><\/em><\/p>\n<p style=\"box-sizing: border-box; border: 0px; font-family: &#039;Helvetica Neue&#039;, Helvetica, Arial, sans-serif; margin-top: 0px; margin-right: 0px; margin-left: 0px; outline: 0px; padding: 0px; vertical-align: baseline; color: #373737;\"><em style=\"box-sizing: border-box; border: 0px; font-family: inherit; font-weight: inherit; margin: 0px; outline: 0px; padding: 0px; vertical-align: baseline;\"><b style=\"box-sizing: border-box;\">Le Pacte Allen Dulles Pocket Size<\/b><\/em><\/p>\n<p style=\"box-sizing: border-box; border: 0px; font-family: &#039;Helvetica Neue&#039;, Helvetica, Arial, sans-serif; margin-top: 0px; margin-right: 0px; margin-left: 0px; outline: 0px; padding: 0px; vertical-align: baseline; color: #373737;\"><em style=\"box-sizing: border-box; border: 0px; font-family: inherit; font-weight: inherit; margin: 0px; outline: 0px; padding: 0px; vertical-align: baseline;\">When the German army invaded the south of France on November 11, 1942, everything changed for our Espionnes du Sal\u00e8ve. The enemy was now encircling Geneva and Lake Geneva, and crossing points were becoming increasingly difficult.<\/em><\/p>\n<p style=\"box-sizing: border-box; border: 0px; font-family: &#039;Helvetica Neue&#039;, Helvetica, Arial, sans-serif; margin-top: 0px; margin-right: 0px; margin-left: 0px; outline: 0px; padding: 0px; vertical-align: baseline; color: #373737;\"><em style=\"box-sizing: border-box; border: 0px; font-family: inherit; font-weight: inherit; margin: 0px; outline: 0px; padding: 0px; vertical-align: baseline;\">At the same time, Barbie&#039;s Gestapo, Moog and others were infiltrating resistance networks.<\/em><\/p>\n<p style=\"box-sizing: border-box; border: 0px; font-family: &#039;Helvetica Neue&#039;, Helvetica, Arial, sans-serif; margin-top: 0px; margin-right: 0px; margin-left: 0px; outline: 0px; padding: 0px; vertical-align: baseline; color: #373737;\"><em style=\"box-sizing: border-box; border: 0px; font-family: inherit; font-weight: inherit; margin: 0px; outline: 0px; padding: 0px; vertical-align: baseline;\">The end of 42 and the beginning of 43 did not look good for the Resistance, especially as the rivalry between the R\u00e9sistance int\u00e9rieure and the R\u00e9sistance Gaullienne did not help matters. Jean Moulin was arrested on June 21 in Caluire on denunciation. But who betrayed him? Our spies will finally investigate and tell us the long-awaited truth.<\/em><\/p>\n<p>\n<\/div><div class=\"kc-elm kc-css-737135\" style=\"height: 0px; clear: both; width:100%;\"><\/div><\/div><\/div><\/div><\/div><\/section><section class=\"kc-elm kc-css-325952 kc_row\"><div class=\"kc-row-container  kc-container\"><div class=\"kc-wrap-columns\"><div class=\"kc-elm kc-css-922963 kc_col-of-5 kc_column kc_col-of-5\"><div class=\"kc-col-container\"><div class=\"kc-elm kc-css-144477 kc_shortcode kc_single_image\">\n\n        <img decoding=\"async\" src=\"https:\/\/i0.wp.com\/mark-zellweger.com\/wp-content\/uploads\/2024\/05\/Cover-face-Freres-ennemis-poche-final-13.2.2024.jpg?fit=1650%2C2550&ssl=1\" class=\"\" alt=\"\" \/>    <\/div>\n<\/div><\/div><div class=\"kc-elm kc-css-773473 kc_col-sm-5 kc_column kc_col-sm-5\"><div class=\"kc-col-container\"><div class=\"kc-elm kc-css-577440 kc_text_block\"><\/p>\n<p style=\"box-sizing: border-box; border: 0px; font-family: &#039;Helvetica Neue&#039;, Helvetica, Arial, sans-serif; margin-top: 0px; margin-right: 0px; margin-left: 0px; outline: 0px; padding: 0px; vertical-align: baseline; color: #373737;\"><strong style=\"box-sizing: border-box; border: 0px; font-family: inherit; font-style: inherit; margin: 0px; outline: 0px; padding: 0px; vertical-align: baseline;\">Sortie 09 juillet 2024<\/strong><\/p>\n<p style=\"box-sizing: border-box; border: 0px; font-family: &#039;Helvetica Neue&#039;, Helvetica, Arial, sans-serif; margin-top: 0px; margin-right: 0px; margin-left: 0px; outline: 0px; padding: 0px; vertical-align: baseline; color: #373737;\"><strong style=\"box-sizing: border-box; border: 0px; font-family: inherit; font-style: inherit; margin: 0px; outline: 0px; padding: 0px; vertical-align: baseline;\">Fr\u00e8res ennemis Poche<\/strong><\/p>\n<p style=\"box-sizing: border-box; border: 0px; font-family: &#039;Helvetica Neue&#039;, Helvetica, Arial, sans-serif; margin: 0pt 0px 0pt 0in; outline: 0px; padding: 0px; vertical-align: baseline; color: #373737; text-align: justify; direction: ltr; unicode-bidi: embed; word-break: normal;\"><span style=\"box-sizing: border-box; border: 0px; font-family: Calibri; font-size: 13pt; font-style: inherit; font-weight: inherit; margin: 0px; outline: 0px; padding: 0px; vertical-align: baseline; color: black;\">Avant de mourir le 15 novembre 1971, le colonel William Fischer du KGB, laisse ses m\u00e9moires \u00e0 sa voisine.\u00a0<\/span><span style=\"box-sizing: border-box; border: 0px; font-family: Calibri; font-size: 13pt; font-style: inherit; font-weight: inherit; margin: 0px; outline: 0px; padding: 0px; vertical-align: baseline; color: black;\">Sa petite-fille, jeune Russe de 30 ans, tombe dessus 50 ans plus tard et en fait un roman ! Alexe\u00ef et John font figures de v\u00e9t\u00e9rans au sein des services d\u2019espionnages sovi\u00e9tiques et am\u00e9ricains. Ils se rencontrent pour la premi\u00e8re fois en juin 1948, \u00e0 Berlin, en plein blocus.<\/span><\/p>\n<p style=\"box-sizing: border-box; border: 0px; font-family: &#039;Helvetica Neue&#039;, Helvetica, Arial, sans-serif; margin: 0pt 0px 0pt 0in; outline: 0px; padding: 0px; vertical-align: baseline; color: #373737; text-align: justify; direction: ltr; unicode-bidi: embed; word-break: normal;\"><span style=\"box-sizing: border-box; border: 0px; font-family: Calibri; font-size: 13pt; font-style: inherit; font-weight: inherit; margin: 0px; outline: 0px; padding: 0px; vertical-align: baseline; color: black;\">L\u2019Occident et l\u2019Union sovi\u00e9tique se livrent une lutte sans merci. Chaque camp espionne l\u2019autre dans une course effr\u00e9n\u00e9e au leadership mondial. Les agents doubles pullulent et les ma\u00eetres espions se tapissent dans l\u2019ombre. Mais qui est qui dans ce monde opaque\u00a0? Les espions les plus implacables sont-ils ceux qu\u2019on pense\u00a0? Qui sont les taupes ?<\/span><\/p>\n<p>\n<\/div><\/div><\/div><div class=\"kc-elm kc-css-247482 kc_col-sm-5 kc_column kc_col-sm-5\"><div class=\"kc-col-container\"><div class=\"kc-elm kc-css-778453 kc_text_block\"><\/p>\n<p style=\"box-sizing: border-box; border: 0px; font-family: &#039;Helvetica Neue&#039;, Helvetica, Arial, sans-serif; margin-top: 0px; margin-right: 0px; margin-left: 0px; outline: 0px; padding: 0px; vertical-align: baseline; color: #373737;\"><em style=\"box-sizing: border-box; border: 0px; font-family: inherit; font-weight: inherit; margin: 0px; outline: 0px; padding: 0px; vertical-align: baseline;\"><b style=\"box-sizing: border-box;\">Released 09 July 2024<\/b><\/em><\/p>\n<p style=\"box-sizing: border-box; border: 0px; font-family: &#039;Helvetica Neue&#039;, Helvetica, Arial, sans-serif; margin-top: 0px; margin-right: 0px; margin-left: 0px; outline: 0px; padding: 0px; vertical-align: baseline; color: #373737;\"><em style=\"box-sizing: border-box; border: 0px; font-family: inherit; font-weight: inherit; margin: 0px; outline: 0px; padding: 0px; vertical-align: baseline;\"><b style=\"box-sizing: border-box;\">Fr\u00e8res ennemis Pocket Size<\/b><\/em><\/p>\n<p style=\"box-sizing: border-box; border: 0px; font-family: &#039;Helvetica Neue&#039;, Helvetica, Arial, sans-serif; margin-top: 0px; margin-right: 0px; margin-left: 0px; outline: 0px; padding: 0px; vertical-align: baseline; color: #373737;\"><em style=\"box-sizing: border-box; border: 0px; font-family: inherit; font-weight: inherit; margin: 0px; outline: 0px; padding: 0px; vertical-align: baseline;\">Before his death on November 15, 1971, KGB Colonel William Fischer left his memoirs to his neighbor. His granddaughter, a 30-year-old Russian, stumbles upon it 50 years later and turns it into a novel! Alexei and John are veterans of the Soviet and American espionage services. They met for the first time in June 1948, in Berlin, in the midst of the blockade.<\/em><\/p>\n<p style=\"box-sizing: border-box; border: 0px; font-family: &#039;Helvetica Neue&#039;, Helvetica, Arial, sans-serif; margin-top: 0px; margin-right: 0px; margin-left: 0px; outline: 0px; padding: 0px; vertical-align: baseline; color: #373737;\"><em style=\"box-sizing: border-box; border: 0px; font-family: inherit; font-weight: inherit; margin: 0px; outline: 0px; padding: 0px; vertical-align: baseline;\">The West and the Soviet Union are engaged in a merciless struggle. Each side spies on the other in a frantic race for world leadership. Double agents abound and master spies lurk in the shadows. But who&#039;s who in this opaque world? Are the most implacable spies who you think they are? Who are the moles?<\/em><\/p>\n<p>\n<\/div><\/div><\/div><\/div><\/div><\/section><\/p>\n","protected":false},"excerpt":{"rendered":"","protected":false},"author":1,"featured_media":0,"parent":0,"menu_order":0,"comment_status":"closed","ping_status":"closed","template":"","meta":{"jetpack_post_was_ever_published":false,"footnotes":""},"jetpack_sharing_enabled":true,"jetpack_shortlink":"https:\/\/wp.me\/P95ddV-91","jetpack-related-posts":[],"_links":{"self":[{"href":"https:\/\/mark-zellweger.com\/index.php\/wp-json\/wp\/v2\/pages\/559"}],"collection":[{"href":"https:\/\/mark-zellweger.com\/index.php\/wp-json\/wp\/v2\/pages"}],"about":[{"href":"https:\/\/mark-zellweger.com\/index.php\/wp-json\/wp\/v2\/types\/page"}],"author":[{"embeddable":true,"href":"https:\/\/mark-zellweger.com\/index.php\/wp-json\/wp\/v2\/users\/1"}],"replies":[{"embeddable":true,"href":"https:\/\/mark-zellweger.com\/index.php\/wp-json\/wp\/v2\/comments?post=559"}],"version-history":[{"count":6,"href":"https:\/\/mark-zellweger.com\/index.php\/wp-json\/wp\/v2\/pages\/559\/revisions"}],"predecessor-version":[{"id":570,"href":"https:\/\/mark-zellweger.com\/index.php\/wp-json\/wp\/v2\/pages\/559\/revisions\/570"}],"wp:attachment":[{"href":"https:\/\/mark-zellweger.com\/index.php\/wp-json\/wp\/v2\/media?parent=559"}],"curies":[{"name":"wp","href":"https:\/\/api.w.org\/{rel}","templated":true}]}}